{"id":3396,"date":"2025-07-01T15:43:45","date_gmt":"2025-07-01T13:43:45","guid":{"rendered":"https:\/\/wg9f1kbsnmb.preview.infomaniak.website\/?page_id=3396"},"modified":"2026-01-09T04:14:11","modified_gmt":"2026-01-09T03:14:11","slug":"formations-pro","status":"publish","type":"page","link":"https:\/\/pimpmydive.net\/en\/formations-pro\/","title":{"rendered":"Pro courses"},"content":{"rendered":"<div data-elementor-type=\"wp-page\" data-elementor-id=\"3396\" class=\"elementor elementor-3396\" data-elementor-post-type=\"page\">\n\t\t\t\t\t\t<section data-particle_enable=\"false\" data-particle-mobile-disabled=\"false\" class=\"elementor-section elementor-top-section elementor-element elementor-element-4adc22d2 elementor-section-full_width elementor-section-height-default elementor-section-height-default\" data-id=\"4adc22d2\" data-element_type=\"section\" data-e-type=\"section\" data-settings=\"{&quot;background_background&quot;:&quot;classic&quot;}\">\n\t\t\t\t\t\t\t<div class=\"elementor-background-overlay\"><\/div>\n\t\t\t\t\t\t\t<div class=\"elementor-container elementor-column-gap-no\">\n\t\t\t\t\t<div class=\"elementor-column elementor-col-100 elementor-top-column elementor-element elementor-element-1de11d3d\" data-id=\"1de11d3d\" data-element_type=\"column\" data-e-type=\"column\">\n\t\t\t<div class=\"elementor-widget-wrap elementor-element-populated\">\n\t\t\t\t\t\t<section data-particle_enable=\"false\" data-particle-mobile-disabled=\"false\" class=\"elementor-section elementor-inner-section elementor-element elementor-element-5ec2c3df elementor-section-boxed elementor-section-height-default elementor-section-height-default\" data-id=\"5ec2c3df\" data-element_type=\"section\" data-e-type=\"section\">\n\t\t\t\t\t\t<div class=\"elementor-container elementor-column-gap-default\">\n\t\t\t\t\t<div class=\"elementor-column elementor-col-100 elementor-inner-column elementor-element elementor-element-46f61b77\" data-id=\"46f61b77\" data-element_type=\"column\" data-e-type=\"column\">\n\t\t\t<div class=\"elementor-widget-wrap elementor-element-populated\">\n\t\t\t\t\t\t<div class=\"elementor-element elementor-element-dca9367 elementor-widget elementor-widget-heading\" data-id=\"dca9367\" data-element_type=\"widget\" data-e-type=\"widget\" data-widget_type=\"heading.default\">\n\t\t\t\t<div class=\"elementor-widget-container\">\n\t\t\t\t\t<h2 class=\"elementor-heading-title elementor-size-default\">PRO COURSES<\/h2>\t\t\t\t<\/div>\n\t\t\t\t<\/div>\n\t\t\t\t<div class=\"elementor-element elementor-element-7838cd8 elementor-widget elementor-widget-text-editor\" data-id=\"7838cd8\" data-element_type=\"widget\" data-e-type=\"widget\" data-widget_type=\"text-editor.default\">\n\t\t\t\t<div class=\"elementor-widget-container\">\n\t\t\t\t\t\t\t\t\t<p>Become a PADI diving professional and turn your passion into a profession.<\/p>\t\t\t\t\t\t\t\t<\/div>\n\t\t\t\t<\/div>\n\t\t\t\t\t<\/div>\n\t\t<\/div>\n\t\t\t\t\t<\/div>\n\t\t<\/section>\n\t\t\t\t\t<\/div>\n\t\t<\/div>\n\t\t\t\t\t<\/div>\n\t\t<\/section>\n\t\t<div data-particle_enable=\"false\" data-particle-mobile-disabled=\"false\" class=\"elementor-element elementor-element-0476380 e-flex e-con-boxed e-con e-parent\" data-id=\"0476380\" data-element_type=\"container\" data-e-type=\"container\" data-settings=\"{&quot;background_background&quot;:&quot;classic&quot;}\">\n\t\t\t\t\t<div class=\"e-con-inner\">\n\t\t\t\t<div class=\"elementor-element elementor-element-39d43e7 elementor-widget elementor-widget-image\" data-id=\"39d43e7\" data-element_type=\"widget\" data-e-type=\"widget\" data-settings=\"{&quot;_animation&quot;:&quot;none&quot;}\" data-widget_type=\"image.default\">\n\t\t\t\t<div class=\"elementor-widget-container\">\n\t\t\t\t\t\t\t\t\t\t\t\t\t\t\t<img alt=\"\" decoding=\"async\" width=\"1026\" height=\"246\" src=\"https:\/\/pimpmydive.net\/wp-content\/uploads\/2025\/07\/Waves-Black.webp\" class=\"attachment-full size-full wp-image-3526\" srcset=\"https:\/\/pimpmydive.net\/wp-content\/uploads\/2025\/07\/Waves-Black.webp 1026w, https:\/\/pimpmydive.net\/wp-content\/uploads\/2025\/07\/Waves-Black-300x72.webp 300w, https:\/\/pimpmydive.net\/wp-content\/uploads\/2025\/07\/Waves-Black-1024x246.webp 1024w, https:\/\/pimpmydive.net\/wp-content\/uploads\/2025\/07\/Waves-Black-768x184.webp 768w, https:\/\/pimpmydive.net\/wp-content\/uploads\/2025\/07\/Waves-Black-18x4.webp 18w\" sizes=\"(max-width: 1026px) 100vw, 1026px\" \/>\t\t\t\t\t\t\t\t\t\t\t\t\t\t\t<\/div>\n\t\t\t\t<\/div>\n\t\t\t\t<div class=\"elementor-element elementor-element-bd31730 elementor-widget elementor-widget-elementskit-heading\" data-id=\"bd31730\" data-element_type=\"widget\" data-e-type=\"widget\" data-settings=\"{&quot;_animation&quot;:&quot;none&quot;,&quot;_animation_delay&quot;:200}\" data-widget_type=\"elementskit-heading.default\">\n\t\t\t\t<div class=\"elementor-widget-container\">\n\t\t\t\t\t<div class=\"ekit-wid-con\" ><div class=\"ekit-heading elementskit-section-title-wraper text_center   ekit_heading_tablet-   ekit_heading_mobile-text_center\"><h2 class=\"ekit-heading--title elementskit-section-title text_fill\">Professional diving courses in Koh Tao \u2013 <span><span>Become a PADI Divemaster or Instructor<\/span><\/span><\/h2><\/div><\/div>\t\t\t\t<\/div>\n\t\t\t\t<\/div>\n\t\t\t\t<div class=\"elementor-element elementor-element-1dc12f0 elementor-widget elementor-widget-text-editor\" data-id=\"1dc12f0\" data-element_type=\"widget\" data-e-type=\"widget\" data-widget_type=\"text-editor.default\">\n\t\t\t\t<div class=\"elementor-widget-container\">\n\t\t\t\t\t\t\t\t\t<p class=\"translation-block\">Feeling ready to turn your passion for diving into an <span style=\"color: #eb248b\"><strong>internationally recognized career<\/strong><\/span>? Our pro courses in Koh Tao guide you every step of the way \u2014 from <span style=\"color: #eb248b\"><strong>PADI Divemaster<\/strong><\/span> to the <span style=\"color: #eb248b\"><strong>Instructor Development Course (IDC)<\/strong><\/span>.<\/p><p class=\"translation-block\">Whether you're looking to <strong>take your first steps into the professional diving world<\/strong> as a Divemaster, or your goal is to <strong>become a PADI Instructor<\/strong> and teach around the world, we\u2019re here to support you every step of the way. At Pimp My Dive, our <span style=\"color: #eb248b\"><strong>multilingual, passionate, and certified team<\/strong><\/span> offers a training environment that is both professional, welcoming, and inspiring.<\/p><p class=\"translation-block\">Our courses take place in Koh Tao, an island renowned for its exceptional dive sites and friendly atmosphere. Here, you\u2019ll learn more than just techniques \u2014 you\u2019ll develop leadership skills, teaching methods, and the ability to guide divers safely. With <strong>personalized support<\/strong> and a training approach focused on individual progress, your success is our top priority.<\/p><p class=\"translation-block\"><span style=\"color: #eb248b\"><strong>Join us<\/strong><\/span> and turn your passion into a real profession, in an environment where the ocean becomes your playground\u2026 and your future office.<\/p>\t\t\t\t\t\t\t\t<\/div>\n\t\t\t\t<\/div>\n\t\t\t\t\t<\/div>\n\t\t\t\t<\/div>\n\t\t<div data-particle_enable=\"false\" data-particle-mobile-disabled=\"false\" class=\"elementor-element elementor-element-228f167 e-con-full e-flex e-con e-parent\" data-id=\"228f167\" data-element_type=\"container\" data-e-type=\"container\" data-settings=\"{&quot;background_background&quot;:&quot;classic&quot;}\">\n\t\t<div data-particle_enable=\"false\" data-particle-mobile-disabled=\"false\" class=\"elementor-element elementor-element-4d9f481 e-con-full e-flex e-con e-child\" data-id=\"4d9f481\" data-element_type=\"container\" data-e-type=\"container\" data-settings=\"{&quot;background_background&quot;:&quot;classic&quot;}\">\n\t\t\t\t<\/div>\n\t\t<div data-particle_enable=\"false\" data-particle-mobile-disabled=\"false\" class=\"elementor-element elementor-element-fc3533e e-con-full e-flex e-con e-child\" data-id=\"fc3533e\" data-element_type=\"container\" data-e-type=\"container\">\n\t\t\t\t<div class=\"elementor-element elementor-element-7ec6303 elementor-widget elementor-widget-heading\" data-id=\"7ec6303\" data-element_type=\"widget\" data-e-type=\"widget\" data-widget_type=\"heading.default\">\n\t\t\t\t<div class=\"elementor-widget-container\">\n\t\t\t\t\t<h2 class=\"elementor-heading-title elementor-size-default\">Become a Divemaster - Lead, guide, inspire!<\/h2>\t\t\t\t<\/div>\n\t\t\t\t<\/div>\n\t\t\t\t<div class=\"elementor-element elementor-element-147fc5f elementor-widget elementor-widget-text-editor\" data-id=\"147fc5f\" data-element_type=\"widget\" data-e-type=\"widget\" data-widget_type=\"text-editor.default\">\n\t\t\t\t<div class=\"elementor-widget-container\">\n\t\t\t\t\t\t\t\t\t<p class=\"translation-block\">The <span style=\"color: #eb248b\"><strong>PADI Divemaster<\/strong><\/span> course is the first step toward a professional diving career. It prepares you to <strong>supervise certified divers<\/strong>, assist instructors during training, and become a <strong>true leader underwater<\/strong>.<\/p><p class=\"translation-block\">At Pimp My Dive, we provide a dynamic learning environment with <strong>individualized support<\/strong>, hands-on sessions at sea, and guidance from a <span style=\"color: #eb248b\"><strong>multilingual and experienced team<\/strong><\/span>. You\u2019ll learn how to guide dives, deliver briefings, map dive sites, manage safety, and develop both your technical and interpersonal skills.<\/p><p>Ideal for those who want to make a living from their passion, or simply take a step forward in their career, this program will open the doors to the professional world of diving, in an exceptional setting.<\/p>\t\t\t\t\t\t\t\t<\/div>\n\t\t\t\t<\/div>\n\t\t\t\t<div class=\"elementor-element elementor-element-0c58563 elementor-widget__width-inherit elementor-align-center elementor-widget elementor-widget-button\" data-id=\"0c58563\" data-element_type=\"widget\" data-e-type=\"widget\" data-widget_type=\"button.default\">\n\t\t\t\t<div class=\"elementor-widget-container\">\n\t\t\t\t\t\t\t\t\t<div class=\"elementor-button-wrapper\">\n\t\t\t\t\t<a class=\"elementor-button elementor-button-link elementor-size-sm\" href=\"\/en\/formations_pro\/padi-dive-master\/\">\n\t\t\t\t\t\t<span class=\"elementor-button-content-wrapper\">\n\t\t\t\t\t\t\t\t\t<span class=\"elementor-button-text\">See the program<\/span>\n\t\t\t\t\t<\/span>\n\t\t\t\t\t<\/a>\n\t\t\t\t<\/div>\n\t\t\t\t\t\t\t\t<\/div>\n\t\t\t\t<\/div>\n\t\t\t\t<\/div>\n\t\t\t\t<\/div>\n\t\t<div data-particle_enable=\"false\" data-particle-mobile-disabled=\"false\" class=\"elementor-element elementor-element-456a6f8 e-con-full e-flex e-con e-parent\" data-id=\"456a6f8\" data-element_type=\"container\" data-e-type=\"container\" data-settings=\"{&quot;background_background&quot;:&quot;classic&quot;}\">\n\t\t<div data-particle_enable=\"false\" data-particle-mobile-disabled=\"false\" class=\"elementor-element elementor-element-a03d1ed e-con-full e-flex e-con e-child\" data-id=\"a03d1ed\" data-element_type=\"container\" data-e-type=\"container\">\n\t\t\t\t<div class=\"elementor-element elementor-element-96b36b7 elementor-widget elementor-widget-heading\" data-id=\"96b36b7\" data-element_type=\"widget\" data-e-type=\"widget\" data-widget_type=\"heading.default\">\n\t\t\t\t<div class=\"elementor-widget-container\">\n\t\t\t\t\t<h2 class=\"elementor-heading-title elementor-size-default\">PADI Instructor Training - Share your passion!<\/h2>\t\t\t\t<\/div>\n\t\t\t\t<\/div>\n\t\t\t\t<div class=\"elementor-element elementor-element-6f4744b elementor-widget elementor-widget-text-editor\" data-id=\"6f4744b\" data-element_type=\"widget\" data-e-type=\"widget\" data-widget_type=\"text-editor.default\">\n\t\t\t\t<div class=\"elementor-widget-container\">\n\t\t\t\t\t\t\t\t\t<p class=\"translation-block\">The <strong>IDC (Instructor Development Course)<\/strong> is the final step before becoming a <strong>certified PADI Instructor<\/strong>. This program prepares you to teach diving at all levels \u2014 from Discover Scuba Diving to Divemaster \u2014 with a comprehensive and structured approach.<\/p>\n\n<p class=\"translation-block\">At Pimp My Dive, our team trains you in a professional yet friendly environment, with a <strong>highly experienced Course Director<\/strong> and personalized support. You\u2019ll develop your teaching skills, learn how to manage a class, organize confined and open water sessions, and share your knowledge with clarity and confidence.<\/p>\n\n<p class=\"translation-block\">The training includes the <strong>Assistant Instructor<\/strong> and <strong>OWSI (Open Water Scuba Instructor)<\/strong> components, and concludes with the <strong>Instructor Examination (IE)<\/strong>, evaluated by an official PADI examiner. Once certified, you\u2019ll be able to <strong>teach anywhere in the world<\/strong>, share your passion, and inspire new divers every day.<\/p>\t\t\t\t\t\t\t\t<\/div>\n\t\t\t\t<\/div>\n\t\t\t\t<div class=\"elementor-element elementor-element-73ea421 elementor-widget__width-inherit elementor-align-center elementor-widget elementor-widget-button\" data-id=\"73ea421\" data-element_type=\"widget\" data-e-type=\"widget\" data-widget_type=\"button.default\">\n\t\t\t\t<div class=\"elementor-widget-container\">\n\t\t\t\t\t\t\t\t\t<div class=\"elementor-button-wrapper\">\n\t\t\t\t\t<a class=\"elementor-button elementor-button-link elementor-size-sm\" href=\"\/en\/formations_pro\/padi-instructor-development-course-idc\/\">\n\t\t\t\t\t\t<span class=\"elementor-button-content-wrapper\">\n\t\t\t\t\t\t\t\t\t<span class=\"elementor-button-text\">See the program<\/span>\n\t\t\t\t\t<\/span>\n\t\t\t\t\t<\/a>\n\t\t\t\t<\/div>\n\t\t\t\t\t\t\t\t<\/div>\n\t\t\t\t<\/div>\n\t\t\t\t<\/div>\n\t\t<div data-particle_enable=\"false\" data-particle-mobile-disabled=\"false\" class=\"elementor-element elementor-element-8c28a1c e-con-full e-flex e-con e-child\" data-id=\"8c28a1c\" data-element_type=\"container\" data-e-type=\"container\" data-settings=\"{&quot;background_background&quot;:&quot;classic&quot;}\">\n\t\t\t\t<\/div>\n\t\t\t\t<\/div>\n\t\t<div data-particle_enable=\"false\" data-particle-mobile-disabled=\"false\" class=\"elementor-element elementor-element-f93d79b e-flex e-con-boxed e-con e-parent\" data-id=\"f93d79b\" data-element_type=\"container\" data-e-type=\"container\" data-settings=\"{&quot;background_background&quot;:&quot;classic&quot;}\">\n\t\t\t\t\t<div class=\"e-con-inner\">\n\t\t\t\t<div class=\"elementor-element elementor-element-6561b64 elementor-widget elementor-widget-heading\" data-id=\"6561b64\" data-element_type=\"widget\" data-e-type=\"widget\" data-widget_type=\"heading.default\">\n\t\t\t\t<div class=\"elementor-widget-container\">\n\t\t\t\t\t<h2 class=\"elementor-heading-title elementor-size-default\">A recognized center, exceptional support<\/h2>\t\t\t\t<\/div>\n\t\t\t\t<\/div>\n\t\t\t\t<div class=\"elementor-element elementor-element-28d4ed6 elementor-widget elementor-widget-text-editor\" data-id=\"28d4ed6\" data-element_type=\"widget\" data-e-type=\"widget\" data-widget_type=\"text-editor.default\">\n\t\t\t\t<div class=\"elementor-widget-container\">\n\t\t\t\t\t\t\t\t\t<p class=\"translation-block\">At <strong style=\"color: #eb248b\">Pimp My Dive<\/strong>, we make no compromise on training quality. Our center is PADI-affiliated and follows the highest standards in safety, teaching, and personalized support. Our facilities are designed to welcome future dive professionals in the best possible conditions.<\/p><p>Our strength also lies in our team. The IDC program is led by\u00a0<strong style=\"color: #eb248b;\">Charles Salducci, Course Director PADI Gold<\/strong> \u2013 an award given to the most experienced and active instructors in the world. With over 30 years of PADI experience and hundreds of instructors trained, Charles passes on much more than just knowledge: he shares a true vision of the profession.<\/p><p>Joining our center means becoming part of a serious, human structure, resolutely focused on excellence. Because you deserve the best to start your professional career.<\/p>\t\t\t\t\t\t\t\t<\/div>\n\t\t\t\t<\/div>\n\t\t\t\t<div class=\"elementor-element elementor-element-8428158 elementor-widget elementor-widget-image\" data-id=\"8428158\" data-element_type=\"widget\" data-e-type=\"widget\" data-widget_type=\"image.default\">\n\t\t\t\t<div class=\"elementor-widget-container\">\n\t\t\t\t\t\t\t\t\t\t\t\t\t\t\t<img alt=\"\" decoding=\"async\" width=\"1024\" height=\"724\" src=\"https:\/\/pimpmydive.net\/wp-content\/uploads\/2025\/07\/5-Star-IDC-Pimp-My-Dive-S-26361-1024x724.webp\" class=\"attachment-large size-large wp-image-3433\" srcset=\"https:\/\/pimpmydive.net\/wp-content\/uploads\/2025\/07\/5-Star-IDC-Pimp-My-Dive-S-26361-1024x724.webp 1024w, https:\/\/pimpmydive.net\/wp-content\/uploads\/2025\/07\/5-Star-IDC-Pimp-My-Dive-S-26361-300x212.webp 300w, https:\/\/pimpmydive.net\/wp-content\/uploads\/2025\/07\/5-Star-IDC-Pimp-My-Dive-S-26361-768x543.webp 768w, https:\/\/pimpmydive.net\/wp-content\/uploads\/2025\/07\/5-Star-IDC-Pimp-My-Dive-S-26361-1536x1086.webp 1536w, https:\/\/pimpmydive.net\/wp-content\/uploads\/2025\/07\/5-Star-IDC-Pimp-My-Dive-S-26361-scaled.webp 2048w, https:\/\/pimpmydive.net\/wp-content\/uploads\/2025\/07\/5-Star-IDC-Pimp-My-Dive-S-26361-18x12.webp 18w\" sizes=\"(max-width: 1024px) 100vw, 1024px\" \/>\t\t\t\t\t\t\t\t\t\t\t\t\t\t\t<\/div>\n\t\t\t\t<\/div>\n\t\t\t\t\t<\/div>\n\t\t\t\t<\/div>\n\t\t\t\t<\/div>","protected":false},"excerpt":{"rendered":"<p>FORMATIONS PRO Devenez un professionnel de la plong\u00e9e PADI et transformez votre passion en m\u00e9tier. Formations professionnelles de plong\u00e9e \u00e0 [&hellip;]<\/p>\n","protected":false},"author":4,"featured_media":3399,"parent":0,"menu_order":0,"comment_status":"closed","ping_status":"closed","template":"elementor_header_footer","meta":{"_acf_changed":false,"_seopress_robots_primary_cat":"","_seopress_titles_title":"","_seopress_titles_desc":"","_seopress_robots_index":"","inline_featured_image":false,"site-sidebar-layout":"default","site-content-layout":"","ast-site-content-layout":"default","site-content-style":"default","site-sidebar-style":"default","ast-global-header-display":"","ast-banner-title-visibility":"","ast-main-header-display":"","ast-hfb-above-header-display":"","ast-hfb-below-header-display":"","ast-hfb-mobile-header-display":"","site-post-title":"","ast-breadcrumbs-content":"","ast-featured-img":"","footer-sml-layout":"","ast-disable-related-posts":"","theme-transparent-header-meta":"","adv-header-id-meta":"","stick-header-meta":"","header-above-stick-meta":"","header-main-stick-meta":"","header-below-stick-meta":"","astra-migrate-meta-layouts":"default","ast-page-background-enabled":"default","ast-page-background-meta":{"desktop":{"background-color":"var(--ast-global-color-5)","background-image":"","background-repeat":"repeat","background-position":"center center","background-size":"auto","background-attachment":"scroll","background-type":"","background-media":"","overlay-type":"","overlay-color":"","overlay-opacity":"","overlay-gradient":""},"tablet":{"background-color":"","background-image":"","background-repeat":"repeat","background-position":"center center","background-size":"auto","background-attachment":"scroll","background-type":"","background-media":"","overlay-type":"","overlay-color":"","overlay-opacity":"","overlay-gradient":""},"mobile":{"background-color":"","background-image":"","background-repeat":"repeat","background-position":"center center","background-size":"auto","background-attachment":"scroll","background-type":"","background-media":"","overlay-type":"","overlay-color":"","overlay-opacity":"","overlay-gradient":""}},"ast-content-background-meta":{"desktop":{"background-color":"var(--ast-global-color-4)","background-image":"","background-repeat":"repeat","background-position":"center center","background-size":"auto","background-attachment":"scroll","background-type":"","background-media":"","overlay-type":"","overlay-color":"","overlay-opacity":"","overlay-gradient":""},"tablet":{"background-color":"var(--ast-global-color-4)","background-image":"","background-repeat":"repeat","background-position":"center center","background-size":"auto","background-attachment":"scroll","background-type":"","background-media":"","overlay-type":"","overlay-color":"","overlay-opacity":"","overlay-gradient":""},"mobile":{"background-color":"var(--ast-global-color-4)","background-image":"","background-repeat":"repeat","background-position":"center center","background-size":"auto","background-attachment":"scroll","background-type":"","background-media":"","overlay-type":"","overlay-color":"","overlay-opacity":"","overlay-gradient":""}},"footnotes":""},"class_list":["post-3396","page","type-page","status-publish","has-post-thumbnail","hentry"],"acf":[],"_links":{"self":[{"href":"https:\/\/pimpmydive.net\/en\/wp-json\/wp\/v2\/pages\/3396","targetHints":{"allow":["GET"]}}],"collection":[{"href":"https:\/\/pimpmydive.net\/en\/wp-json\/wp\/v2\/pages"}],"about":[{"href":"https:\/\/pimpmydive.net\/en\/wp-json\/wp\/v2\/types\/page"}],"author":[{"embeddable":true,"href":"https:\/\/pimpmydive.net\/en\/wp-json\/wp\/v2\/users\/4"}],"replies":[{"embeddable":true,"href":"https:\/\/pimpmydive.net\/en\/wp-json\/wp\/v2\/comments?post=3396"}],"version-history":[{"count":3,"href":"https:\/\/pimpmydive.net\/en\/wp-json\/wp\/v2\/pages\/3396\/revisions"}],"predecessor-version":[{"id":4178,"href":"https:\/\/pimpmydive.net\/en\/wp-json\/wp\/v2\/pages\/3396\/revisions\/4178"}],"wp:featuredmedia":[{"embeddable":true,"href":"https:\/\/pimpmydive.net\/en\/wp-json\/wp\/v2\/media\/3399"}],"wp:attachment":[{"href":"https:\/\/pimpmydive.net\/en\/wp-json\/wp\/v2\/media?parent=3396"}],"curies":[{"name":"wp","href":"https:\/\/api.w.org\/{rel}","templated":true}]}}