{"id":3628,"date":"2025-07-05T18:15:51","date_gmt":"2025-07-05T16:15:51","guid":{"rendered":"https:\/\/wg9f1kbsnmb.preview.infomaniak.website\/?page_id=3628"},"modified":"2025-07-13T20:27:17","modified_gmt":"2025-07-13T18:27:17","slug":"apnee","status":"publish","type":"page","link":"https:\/\/pimpmydive.net\/en\/apnee\/","title":{"rendered":"Freediving"},"content":{"rendered":"<div data-elementor-type=\"wp-page\" data-elementor-id=\"3628\" class=\"elementor elementor-3628\" data-elementor-post-type=\"page\">\n\t\t\t\t\t\t<section data-particle_enable=\"false\" data-particle-mobile-disabled=\"false\" class=\"elementor-section elementor-top-section elementor-element elementor-element-ae352ee elementor-section-full_width elementor-section-height-default elementor-section-height-default\" data-id=\"ae352ee\" data-element_type=\"section\" data-e-type=\"section\" data-settings=\"{&quot;background_background&quot;:&quot;classic&quot;}\">\n\t\t\t\t\t\t\t<div class=\"elementor-background-overlay\"><\/div>\n\t\t\t\t\t\t\t<div class=\"elementor-container elementor-column-gap-no\">\n\t\t\t\t\t<div class=\"elementor-column elementor-col-100 elementor-top-column elementor-element elementor-element-28e3083\" data-id=\"28e3083\" data-element_type=\"column\" data-e-type=\"column\">\n\t\t\t<div class=\"elementor-widget-wrap elementor-element-populated\">\n\t\t\t\t\t\t<section data-particle_enable=\"false\" data-particle-mobile-disabled=\"false\" class=\"elementor-section elementor-inner-section elementor-element elementor-element-f85a7af elementor-section-boxed elementor-section-height-default elementor-section-height-default\" data-id=\"f85a7af\" data-element_type=\"section\" data-e-type=\"section\">\n\t\t\t\t\t\t<div class=\"elementor-container elementor-column-gap-default\">\n\t\t\t\t\t<div class=\"elementor-column elementor-col-100 elementor-inner-column elementor-element elementor-element-326687c\" data-id=\"326687c\" data-element_type=\"column\" data-e-type=\"column\">\n\t\t\t<div class=\"elementor-widget-wrap elementor-element-populated\">\n\t\t\t\t\t\t<div class=\"elementor-element elementor-element-fb3ac06 elementor-widget elementor-widget-heading\" data-id=\"fb3ac06\" data-element_type=\"widget\" data-e-type=\"widget\" data-widget_type=\"heading.default\">\n\t\t\t\t<div class=\"elementor-widget-container\">\n\t\t\t\t\t<h2 class=\"elementor-heading-title elementor-size-default\">FREEDIVING<\/h2>\t\t\t\t<\/div>\n\t\t\t\t<\/div>\n\t\t\t\t<div class=\"elementor-element elementor-element-2da9f3c elementor-widget elementor-widget-text-editor\" data-id=\"2da9f3c\" data-element_type=\"widget\" data-e-type=\"widget\" data-widget_type=\"text-editor.default\">\n\t\t\t\t<div class=\"elementor-widget-container\">\n\t\t\t\t\t\t\t\t\t<p>Learn to freedive safely, at your own pace, under the guidance of PADI-certified professionals.<\/p>\t\t\t\t\t\t\t\t<\/div>\n\t\t\t\t<\/div>\n\t\t\t\t\t<\/div>\n\t\t<\/div>\n\t\t\t\t\t<\/div>\n\t\t<\/section>\n\t\t\t\t\t<\/div>\n\t\t<\/div>\n\t\t\t\t\t<\/div>\n\t\t<\/section>\n\t\t<div data-particle_enable=\"false\" data-particle-mobile-disabled=\"false\" class=\"elementor-element elementor-element-3054adf e-flex e-con-boxed e-con e-parent\" data-id=\"3054adf\" data-element_type=\"container\" data-e-type=\"container\" data-settings=\"{&quot;background_background&quot;:&quot;classic&quot;}\">\n\t\t\t\t\t<div class=\"e-con-inner\">\n\t\t\t\t<div class=\"elementor-element elementor-element-fe59da8 elementor-widget elementor-widget-image\" data-id=\"fe59da8\" data-element_type=\"widget\" data-e-type=\"widget\" data-settings=\"{&quot;_animation&quot;:&quot;none&quot;}\" data-widget_type=\"image.default\">\n\t\t\t\t<div class=\"elementor-widget-container\">\n\t\t\t\t\t\t\t\t\t\t\t\t\t\t\t<img alt=\"\" decoding=\"async\" width=\"1026\" height=\"246\" src=\"https:\/\/pimpmydive.net\/wp-content\/uploads\/2025\/07\/Waves-Black.webp\" class=\"attachment-full size-full wp-image-3526\" srcset=\"https:\/\/pimpmydive.net\/wp-content\/uploads\/2025\/07\/Waves-Black.webp 1026w, https:\/\/pimpmydive.net\/wp-content\/uploads\/2025\/07\/Waves-Black-300x72.webp 300w, https:\/\/pimpmydive.net\/wp-content\/uploads\/2025\/07\/Waves-Black-1024x246.webp 1024w, https:\/\/pimpmydive.net\/wp-content\/uploads\/2025\/07\/Waves-Black-768x184.webp 768w, https:\/\/pimpmydive.net\/wp-content\/uploads\/2025\/07\/Waves-Black-18x4.webp 18w\" sizes=\"(max-width: 1026px) 100vw, 1026px\" \/>\t\t\t\t\t\t\t\t\t\t\t\t\t\t\t<\/div>\n\t\t\t\t<\/div>\n\t\t\t\t<div class=\"elementor-element elementor-element-a172c36 elementor-widget elementor-widget-elementskit-heading\" data-id=\"a172c36\" data-element_type=\"widget\" data-e-type=\"widget\" data-settings=\"{&quot;_animation&quot;:&quot;none&quot;,&quot;_animation_delay&quot;:200}\" data-widget_type=\"elementskit-heading.default\">\n\t\t\t\t<div class=\"elementor-widget-container\">\n\t\t\t\t\t<div class=\"ekit-wid-con\" ><div class=\"ekit-heading elementskit-section-title-wraper text_center   ekit_heading_tablet-   ekit_heading_mobile-text_center\"><h2 class=\"ekit-heading--title elementskit-section-title text_fill translation-block\">Discover <span><span>Freediving<\/span><\/span><\/h2><\/div><\/div>\t\t\t\t<\/div>\n\t\t\t\t<\/div>\n\t\t\t\t<div class=\"elementor-element elementor-element-8849609 elementor-widget elementor-widget-text-editor\" data-id=\"8849609\" data-element_type=\"widget\" data-e-type=\"widget\" data-widget_type=\"text-editor.default\">\n\t\t\t\t<div class=\"elementor-widget-container\">\n\t\t\t\t\t\t\t\t\t<p class=\"translation-block\">Curious to discover a new way to breathe underwater? <strong>Freediving<\/strong> is more than just a sport \u2014 it\u2019s a discipline that combines <strong>breath control<\/strong>, <strong>mental relaxation<\/strong>, and a <strong>deep connection to the ocean<\/strong>. Without tanks or bubbles, you\u2019ll learn to extend your time underwater safely, at your own pace.<\/p>\n\n<p class=\"translation-block\">At <strong style=\"color: #eb248b\">Pimp My Dive<\/strong>, we make this experience accessible to everyone. Whether you're simply curious to test your limits or ready to earn a recognized certification, we offer two programs tailored to your level and goals.<\/p>\t\t\t\t\t\t\t\t<\/div>\n\t\t\t\t<\/div>\n\t\t\t\t\t<\/div>\n\t\t\t\t<\/div>\n\t\t<div data-particle_enable=\"false\" data-particle-mobile-disabled=\"false\" class=\"elementor-element elementor-element-bd02c86 e-con-full e-flex e-con e-parent\" data-id=\"bd02c86\" data-element_type=\"container\" data-e-type=\"container\" data-settings=\"{&quot;background_background&quot;:&quot;classic&quot;}\">\n\t\t<div data-particle_enable=\"false\" data-particle-mobile-disabled=\"false\" class=\"elementor-element elementor-element-e1ee82b e-con-full e-flex e-con e-child\" data-id=\"e1ee82b\" data-element_type=\"container\" data-e-type=\"container\" data-settings=\"{&quot;background_background&quot;:&quot;classic&quot;}\">\n\t\t\t\t<\/div>\n\t\t<div data-particle_enable=\"false\" data-particle-mobile-disabled=\"false\" class=\"elementor-element elementor-element-cec3ab2 e-con-full e-flex e-con e-child\" data-id=\"cec3ab2\" data-element_type=\"container\" data-e-type=\"container\">\n\t\t\t\t<div class=\"elementor-element elementor-element-0a189a4 elementor-widget elementor-widget-heading\" data-id=\"0a189a4\" data-element_type=\"widget\" data-e-type=\"widget\" data-widget_type=\"heading.default\">\n\t\t\t\t<div class=\"elementor-widget-container\">\n\t\t\t\t\t<h2 class=\"elementor-heading-title elementor-size-default\">Try Freediving <\/h2>\t\t\t\t<\/div>\n\t\t\t\t<\/div>\n\t\t\t\t<div class=\"elementor-element elementor-element-24776bc elementor-widget elementor-widget-text-editor\" data-id=\"24776bc\" data-element_type=\"widget\" data-e-type=\"widget\" data-widget_type=\"text-editor.default\">\n\t\t\t\t<div class=\"elementor-widget-container\">\n\t\t\t\t\t\t\t\t\t<p class=\"translation-block\">Have you always been fascinated by the underwater silence and the grace of freedivers? This introductory program is made for you. <strong>Try Freediving<\/strong> lets you discover the basics of freediving safely, with no certification commitment.<\/p><p>Under the guidance of a certified instructor, you'll learn to better understand your breathing, release tension and progressively go deeper. The day is divided into an accessible theory section, a pool session to build your confidence, and a sea outing to test your skills in a natural environment.<\/p><p class=\"translation-block\"><strong style=\"color: #eb248b\">\u2022 Duration:<\/strong> 1 full day<br>\n<strong style=\"color: #eb248b\"><br>\u2022 Prerequisites:<\/strong> Be in good health, know how to swim, be at least 10 years old<br>\n<strong style=\"color: #eb248b\"><br>\u2022 Content:<\/strong> Introduction to breathing, buoyancy, finning techniques, freediving exploration<br>\n<strong><br>Price:<\/strong> <strong style=\"color: #eb248b\">3,500 THB<\/strong><\/p>\t\t\t\t\t\t\t\t<\/div>\n\t\t\t\t<\/div>\n\t\t\t\t<\/div>\n\t\t\t\t<\/div>\n\t\t<div data-particle_enable=\"false\" data-particle-mobile-disabled=\"false\" class=\"elementor-element elementor-element-e4c680b e-con-full e-flex e-con e-parent\" data-id=\"e4c680b\" data-element_type=\"container\" data-e-type=\"container\" data-settings=\"{&quot;background_background&quot;:&quot;classic&quot;}\">\n\t\t<div data-particle_enable=\"false\" data-particle-mobile-disabled=\"false\" class=\"elementor-element elementor-element-4a52287 e-con-full e-flex e-con e-child\" data-id=\"4a52287\" data-element_type=\"container\" data-e-type=\"container\">\n\t\t\t\t<div class=\"elementor-element elementor-element-6cb0698 elementor-widget elementor-widget-heading\" data-id=\"6cb0698\" data-element_type=\"widget\" data-e-type=\"widget\" data-widget_type=\"heading.default\">\n\t\t\t\t<div class=\"elementor-widget-container\">\n\t\t\t\t\t<h2 class=\"elementor-heading-title elementor-size-default\">PADI Freediver \u2013 Certification<\/h2>\t\t\t\t<\/div>\n\t\t\t\t<\/div>\n\t\t\t\t<div class=\"elementor-element elementor-element-44e844c elementor-widget elementor-widget-text-editor\" data-id=\"44e844c\" data-element_type=\"widget\" data-e-type=\"widget\" data-widget_type=\"text-editor.default\">\n\t\t\t\t<div class=\"elementor-widget-container\">\n\t\t\t\t\t\t\t\t\t<p>Vous souhaitez aller plus loin et acqu\u00e9rir une v\u00e9ritable autonomie en apn\u00e9e ? Le cours <strong>PADI Freediver<\/strong> est fait pour vous. C\u2019est le premier niveau de certification reconnu \u00e0 l\u2019international dans le syst\u00e8me PADI.<\/p><p class=\"translation-block\">In two days, you\u2019ll develop both technical and mental skills through a structured program: theory on breathing and safety, confined water sessions to master static and dynamic apnea, followed by controlled open water descents down to <strong>16 meters deep<\/strong>.<\/p><p class=\"translation-block\"><strong style=\"color: #ffffff\">\u2022 Duration:<\/strong> 2 days<br>\n<strong style=\"color: #ffffff\"><br>\u2022 Certification:<\/strong> PADI Freediver<br>\n<strong style=\"color: #ffffff\"><br>\u2022 Prerequisites:<\/strong> Be at least 12 years old, swim 200m, be in good physical condition<br>\n<strong style=\"color: #ffffff\"><br>\u2022 Content:<\/strong> Breathing, static, dynamic, depth, equalization, safety techniques<br>\n<strong style=\"color: #ffffff\"><br>Price:<\/strong> <strong style=\"color: #ffffff\">7,500 THB<\/strong><\/p>\t\t\t\t\t\t\t\t<\/div>\n\t\t\t\t<\/div>\n\t\t\t\t<\/div>\n\t\t<div data-particle_enable=\"false\" data-particle-mobile-disabled=\"false\" class=\"elementor-element elementor-element-1ecf73e e-con-full e-flex e-con e-child\" data-id=\"1ecf73e\" data-element_type=\"container\" data-e-type=\"container\" data-settings=\"{&quot;background_background&quot;:&quot;classic&quot;}\">\n\t\t\t\t<\/div>\n\t\t\t\t<\/div>\n\t\t<div data-particle_enable=\"false\" data-particle-mobile-disabled=\"false\" class=\"elementor-element elementor-element-cb54cfa e-flex e-con-boxed e-con e-parent\" data-id=\"cb54cfa\" data-element_type=\"container\" data-e-type=\"container\" data-settings=\"{&quot;background_background&quot;:&quot;classic&quot;}\">\n\t\t\t\t\t<div class=\"e-con-inner\">\n\t\t\t\t<div class=\"elementor-element elementor-element-8a898e8 elementor-widget elementor-widget-heading\" data-id=\"8a898e8\" data-element_type=\"widget\" data-e-type=\"widget\" data-widget_type=\"heading.default\">\n\t\t\t\t<div class=\"elementor-widget-container\">\n\t\t\t\t\t<h2 class=\"elementor-heading-title elementor-size-default\">Want to join the freediving adventure?<\/h2>\t\t\t\t<\/div>\n\t\t\t\t<\/div>\n\t\t\t\t<div class=\"elementor-element elementor-element-0216be8 elementor-widget elementor-widget-text-editor\" data-id=\"0216be8\" data-element_type=\"widget\" data-e-type=\"widget\" data-widget_type=\"text-editor.default\">\n\t\t\t\t<div class=\"elementor-widget-container\">\n\t\t\t\t\t\t\t\t\t<p class=\"translation-block\">At <strong style=\"color: #eb248b\">Pimp My Dive<\/strong>, we believe that freediving is more than just a sport \u2014 it\u2019s a true inner journey. Whether you\u2019re taking your first meters underwater or aiming for a recognized certification, our team supports you with care, professionalism, and passion.<\/p><p class=\"translation-block\">Our center is located just steps from the sea in Koh Tao, and our instructors are <strong style=\"color: #eb248b\">PADI Freediver certified<\/strong> with extensive teaching experience. We limit each session to <strong style=\"color: #eb248b\">2 students per instructor<\/strong> to ensure <strong style=\"color: #eb248b\">personalized guidance<\/strong> and optimal learning conditions, at your own pace.<\/p><p>Fill in the form below to ask your questions, book a session, or simply find out more about freediving on Koh Tao. We'll get back to you as soon as possible!<\/p>\t\t\t\t\t\t\t\t<\/div>\n\t\t\t\t<\/div>\n\t\t\t\t<div class=\"elementor-element elementor-element-1e68863 elementor-widget elementor-widget-ekit_wb_951\" data-id=\"1e68863\" data-element_type=\"widget\" data-e-type=\"widget\" data-widget_type=\"ekit_wb_951.default\">\n\t\t\t\t<div class=\"elementor-widget-container\">\n\t\t\t\t\t<div class=\"wrap-contact\">\n    \n<div class=\"wpcf7 no-js\" id=\"wpcf7-f949-o1\" lang=\"fr-FR\" dir=\"ltr\" data-wpcf7-id=\"949\">\n<div class=\"screen-reader-response\"><p role=\"status\" aria-live=\"polite\" aria-atomic=\"true\"><\/p> <ul><\/ul><\/div>\n<form action=\"\/en\/wp-json\/wp\/v2\/pages\/3628#wpcf7-f949-o1\" method=\"post\" class=\"wpcf7-form init\" aria-label=\"Formulaire de contact\" novalidate=\"novalidate\" data-status=\"init\" data-trp-original-action=\"\/en\/wp-json\/wp\/v2\/pages\/3628#wpcf7-f949-o1\">\n<fieldset class=\"hidden-fields-container\"><input type=\"hidden\" name=\"_wpcf7\" value=\"949\" \/><input type=\"hidden\" name=\"_wpcf7_version\" value=\"6.1.5\" \/><input type=\"hidden\" name=\"_wpcf7_locale\" value=\"fr_FR\" \/><input type=\"hidden\" name=\"_wpcf7_unit_tag\" value=\"wpcf7-f949-o1\" \/><input type=\"hidden\" name=\"_wpcf7_container_post\" value=\"0\" \/><input type=\"hidden\" name=\"_wpcf7_posted_data_hash\" value=\"\" \/><input type=\"hidden\" name=\"_wpcf7_recaptcha_response\" value=\"\" \/>\n<\/fieldset>\n<p><span class=\"half\"><span class=\"wpcf7-form-control-wrap\" data-name=\"prenom\"><input size=\"40\" maxlength=\"400\" class=\"wpcf7-form-control wpcf7-text wpcf7-validates-as-required\" aria-required=\"true\" aria-invalid=\"false\" placeholder=\"First name*\" value=\"\" type=\"text\" name=\"prenom\" \/><\/span><\/span><span class=\"half\"><span class=\"wpcf7-form-control-wrap\" data-name=\"nom\"><input size=\"40\" maxlength=\"400\" class=\"wpcf7-form-control wpcf7-text wpcf7-validates-as-required\" aria-required=\"true\" aria-invalid=\"false\" placeholder=\"Name*\" value=\"\" type=\"text\" name=\"nom\" \/><\/span><\/span><br \/>\n<span class=\"half\"><span class=\"wpcf7-form-control-wrap\" data-name=\"mail\"><input size=\"40\" maxlength=\"400\" class=\"wpcf7-form-control wpcf7-email wpcf7-validates-as-required wpcf7-text wpcf7-validates-as-email\" aria-required=\"true\" aria-invalid=\"false\" placeholder=\"Email*\" value=\"\" type=\"email\" name=\"mail\" \/><\/span><\/span><span class=\"half\"><span class=\"wpcf7-form-control-wrap\" data-name=\"phone\"><input size=\"40\" maxlength=\"400\" class=\"wpcf7-form-control wpcf7-tel wpcf7-validates-as-required wpcf7-text wpcf7-validates-as-tel\" aria-required=\"true\" aria-invalid=\"false\" placeholder=\"Phone*\" value=\"\" type=\"tel\" name=\"phone\" \/><\/span><\/span><br \/>\n<span class=\"wpcf7-form-control-wrap\" data-name=\"message\"><textarea cols=\"40\" rows=\"10\" maxlength=\"2000\" class=\"wpcf7-form-control wpcf7-textarea wpcf7-validates-as-required\" aria-required=\"true\" aria-invalid=\"false\" placeholder=\"Message*\" name=\"message\"><\/textarea><\/span><br \/>\n<input class=\"wpcf7-form-control wpcf7-submit has-spinner\" type=\"submit\" value=\"Send\" \/>\n<\/p><div class=\"wpcf7-response-output\" aria-hidden=\"true\"><\/div>\n<input type=\"hidden\" name=\"trp-form-language\" value=\"en\"\/><\/form>\n<\/div>\n<\/div>\n\t\t\t\t\t\t<\/div>\n\t\t\t\t<\/div>\n\t\t\t\t\t<\/div>\n\t\t\t\t<\/div>\n\t\t\t\t<\/div>","protected":false},"excerpt":{"rendered":"<p>FREEDIVING Apprenez \u00e0 plonger en apn\u00e9e en toute s\u00e9curit\u00e9, \u00e0 votre rythme, encadr\u00e9 par des professionnels certifi\u00e9s PADI. D\u00e9couvrez le [&hellip;]<\/p>\n","protected":false},"author":4,"featured_media":3587,"parent":0,"menu_order":0,"comment_status":"closed","ping_status":"closed","template":"elementor_header_footer","meta":{"_acf_changed":false,"_seopress_robots_primary_cat":"","_seopress_titles_title":"","_seopress_titles_desc":"","_seopress_robots_index":"","inline_featured_image":false,"site-sidebar-layout":"default","site-content-layout":"","ast-site-content-layout":"default","site-content-style":"default","site-sidebar-style":"default","ast-global-header-display":"","ast-banner-title-visibility":"","ast-main-header-display":"","ast-hfb-above-header-display":"","ast-hfb-below-header-display":"","ast-hfb-mobile-header-display":"","site-post-title":"","ast-breadcrumbs-content":"","ast-featured-img":"","footer-sml-layout":"","ast-disable-related-posts":"","theme-transparent-header-meta":"","adv-header-id-meta":"","stick-header-meta":"","header-above-stick-meta":"","header-main-stick-meta":"","header-below-stick-meta":"","astra-migrate-meta-layouts":"default","ast-page-background-enabled":"default","ast-page-background-meta":{"desktop":{"background-color":"var(--ast-global-color-5)","background-image":"","background-repeat":"repeat","background-position":"center center","background-size":"auto","background-attachment":"scroll","background-type":"","background-media":"","overlay-type":"","overlay-color":"","overlay-opacity":"","overlay-gradient":""},"tablet":{"background-color":"","background-image":"","background-repeat":"repeat","background-position":"center center","background-size":"auto","background-attachment":"scroll","background-type":"","background-media":"","overlay-type":"","overlay-color":"","overlay-opacity":"","overlay-gradient":""},"mobile":{"background-color":"","background-image":"","background-repeat":"repeat","background-position":"center center","background-size":"auto","background-attachment":"scroll","background-type":"","background-media":"","overlay-type":"","overlay-color":"","overlay-opacity":"","overlay-gradient":""}},"ast-content-background-meta":{"desktop":{"background-color":"var(--ast-global-color-4)","background-image":"","background-repeat":"repeat","background-position":"center center","background-size":"auto","background-attachment":"scroll","background-type":"","background-media":"","overlay-type":"","overlay-color":"","overlay-opacity":"","overlay-gradient":""},"tablet":{"background-color":"var(--ast-global-color-4)","background-image":"","background-repeat":"repeat","background-position":"center center","background-size":"auto","background-attachment":"scroll","background-type":"","background-media":"","overlay-type":"","overlay-color":"","overlay-opacity":"","overlay-gradient":""},"mobile":{"background-color":"var(--ast-global-color-4)","background-image":"","background-repeat":"repeat","background-position":"center center","background-size":"auto","background-attachment":"scroll","background-type":"","background-media":"","overlay-type":"","overlay-color":"","overlay-opacity":"","overlay-gradient":""}},"footnotes":""},"class_list":["post-3628","page","type-page","status-publish","has-post-thumbnail","hentry"],"acf":[],"_links":{"self":[{"href":"https:\/\/pimpmydive.net\/en\/wp-json\/wp\/v2\/pages\/3628","targetHints":{"allow":["GET"]}}],"collection":[{"href":"https:\/\/pimpmydive.net\/en\/wp-json\/wp\/v2\/pages"}],"about":[{"href":"https:\/\/pimpmydive.net\/en\/wp-json\/wp\/v2\/types\/page"}],"author":[{"embeddable":true,"href":"https:\/\/pimpmydive.net\/en\/wp-json\/wp\/v2\/users\/4"}],"replies":[{"embeddable":true,"href":"https:\/\/pimpmydive.net\/en\/wp-json\/wp\/v2\/comments?post=3628"}],"version-history":[{"count":21,"href":"https:\/\/pimpmydive.net\/en\/wp-json\/wp\/v2\/pages\/3628\/revisions"}],"predecessor-version":[{"id":4034,"href":"https:\/\/pimpmydive.net\/en\/wp-json\/wp\/v2\/pages\/3628\/revisions\/4034"}],"wp:featuredmedia":[{"embeddable":true,"href":"https:\/\/pimpmydive.net\/en\/wp-json\/wp\/v2\/media\/3587"}],"wp:attachment":[{"href":"https:\/\/pimpmydive.net\/en\/wp-json\/wp\/v2\/media?parent=3628"}],"curies":[{"name":"wp","href":"https:\/\/api.w.org\/{rel}","templated":true}]}}