{"id":839,"date":"2022-04-10T22:21:51","date_gmt":"2022-04-10T20:21:51","guid":{"rendered":"https:\/\/pimpmydive.net\/?page_id=839"},"modified":"2025-07-08T07:04:57","modified_gmt":"2025-07-08T05:04:57","slug":"carte-de-plongee","status":"publish","type":"page","link":"https:\/\/pimpmydive.net\/en\/carte-de-plongee\/","title":{"rendered":"Dive map"},"content":{"rendered":"<div data-elementor-type=\"wp-page\" data-elementor-id=\"839\" class=\"elementor elementor-839\" data-elementor-post-type=\"page\">\n\t\t\t\t\t\t<section data-particle_enable=\"false\" data-particle-mobile-disabled=\"false\" class=\"elementor-section elementor-top-section elementor-element elementor-element-9ef133f elementor-section-full_width elementor-section-height-default elementor-section-height-default\" data-id=\"9ef133f\" data-element_type=\"section\" data-e-type=\"section\" data-settings=\"{&quot;background_background&quot;:&quot;classic&quot;}\">\n\t\t\t\t\t\t\t<div class=\"elementor-background-overlay\"><\/div>\n\t\t\t\t\t\t\t<div class=\"elementor-container elementor-column-gap-no\">\n\t\t\t\t\t<div class=\"elementor-column elementor-col-100 elementor-top-column elementor-element elementor-element-d998519\" data-id=\"d998519\" data-element_type=\"column\" data-e-type=\"column\">\n\t\t\t<div class=\"elementor-widget-wrap elementor-element-populated\">\n\t\t\t\t\t\t<section data-particle_enable=\"false\" data-particle-mobile-disabled=\"false\" class=\"elementor-section elementor-inner-section elementor-element elementor-element-033cbe8 elementor-section-boxed elementor-section-height-default elementor-section-height-default\" data-id=\"033cbe8\" data-element_type=\"section\" data-e-type=\"section\">\n\t\t\t\t\t\t<div class=\"elementor-container elementor-column-gap-default\">\n\t\t\t\t\t<div class=\"elementor-column elementor-col-100 elementor-inner-column elementor-element elementor-element-5b3dc90\" data-id=\"5b3dc90\" data-element_type=\"column\" data-e-type=\"column\">\n\t\t\t<div class=\"elementor-widget-wrap elementor-element-populated\">\n\t\t\t\t\t\t<div class=\"elementor-element elementor-element-ad2db1e elementor-widget elementor-widget-heading\" data-id=\"ad2db1e\" data-element_type=\"widget\" data-e-type=\"widget\" data-widget_type=\"heading.default\">\n\t\t\t\t<div class=\"elementor-widget-container\">\n\t\t\t\t\t<h2 class=\"elementor-heading-title elementor-size-default\">DIVE SITES<\/h2>\t\t\t\t<\/div>\n\t\t\t\t<\/div>\n\t\t\t\t<div class=\"elementor-element elementor-element-d7c9264 elementor-widget elementor-widget-text-editor\" data-id=\"d7c9264\" data-element_type=\"widget\" data-e-type=\"widget\" data-widget_type=\"text-editor.default\">\n\t\t\t\t<div class=\"elementor-widget-container\">\n\t\t\t\t\t\t\t\t\t<p class=\"p1\">Click on the different dive sites to explore their features, required levels, depths, marine life, and overall vibe. Choose with confidence the ones that will turn your next outing into an unforgettable underwater adventure.<\/p>\t\t\t\t\t\t\t\t<\/div>\n\t\t\t\t<\/div>\n\t\t\t\t\t<\/div>\n\t\t<\/div>\n\t\t\t\t\t<\/div>\n\t\t<\/section>\n\t\t\t\t\t<\/div>\n\t\t<\/div>\n\t\t\t\t\t<\/div>\n\t\t<\/section>\n\t\t\t\t<section data-particle_enable=\"false\" data-particle-mobile-disabled=\"false\" class=\"elementor-section elementor-top-section elementor-element elementor-element-24d781ac elementor-section-full_width elementor-section-height-default elementor-section-height-default\" data-id=\"24d781ac\" data-element_type=\"section\" data-e-type=\"section\" data-settings=\"{&quot;background_background&quot;:&quot;classic&quot;}\">\n\t\t\t\t\t\t<div class=\"elementor-container elementor-column-gap-no\">\n\t\t\t\t\t<div class=\"elementor-column elementor-col-100 elementor-top-column elementor-element elementor-element-17edf91a\" data-id=\"17edf91a\" data-element_type=\"column\" data-e-type=\"column\">\n\t\t\t<div class=\"elementor-widget-wrap elementor-element-populated\">\n\t\t\t\t\t\t<section data-particle_enable=\"false\" data-particle-mobile-disabled=\"false\" class=\"elementor-section elementor-inner-section elementor-element elementor-element-6d3d9034 elementor-section-boxed elementor-section-height-default elementor-section-height-default\" data-id=\"6d3d9034\" data-element_type=\"section\" data-e-type=\"section\">\n\t\t\t\t\t\t<div class=\"elementor-container elementor-column-gap-default\">\n\t\t\t\t\t<div class=\"elementor-column elementor-col-100 elementor-inner-column elementor-element elementor-element-5ee68459\" data-id=\"5ee68459\" data-element_type=\"column\" data-e-type=\"column\">\n\t\t\t<div class=\"elementor-widget-wrap elementor-element-populated\">\n\t\t\t\t\t\t<div class=\"elementor-element elementor-element-8869b69 elementor-widget elementor-widget-image\" data-id=\"8869b69\" data-element_type=\"widget\" data-e-type=\"widget\" data-settings=\"{&quot;_animation&quot;:&quot;none&quot;}\" data-widget_type=\"image.default\">\n\t\t\t\t<div class=\"elementor-widget-container\">\n\t\t\t\t\t\t\t\t\t\t\t\t\t\t\t<img alt=\"\" decoding=\"async\" width=\"1026\" height=\"246\" src=\"https:\/\/pimpmydive.net\/wp-content\/uploads\/2025\/07\/Waves-Black.webp\" class=\"attachment-full size-full wp-image-3526\" srcset=\"https:\/\/pimpmydive.net\/wp-content\/uploads\/2025\/07\/Waves-Black.webp 1026w, https:\/\/pimpmydive.net\/wp-content\/uploads\/2025\/07\/Waves-Black-300x72.webp 300w, https:\/\/pimpmydive.net\/wp-content\/uploads\/2025\/07\/Waves-Black-1024x246.webp 1024w, https:\/\/pimpmydive.net\/wp-content\/uploads\/2025\/07\/Waves-Black-768x184.webp 768w, https:\/\/pimpmydive.net\/wp-content\/uploads\/2025\/07\/Waves-Black-18x4.webp 18w\" sizes=\"(max-width: 1026px) 100vw, 1026px\" \/>\t\t\t\t\t\t\t\t\t\t\t\t\t\t\t<\/div>\n\t\t\t\t<\/div>\n\t\t\t\t<div class=\"elementor-element elementor-element-503f09c elementor-widget elementor-widget-elementskit-heading\" data-id=\"503f09c\" data-element_type=\"widget\" data-e-type=\"widget\" data-settings=\"{&quot;_animation&quot;:&quot;none&quot;,&quot;_animation_delay&quot;:200}\" data-widget_type=\"elementskit-heading.default\">\n\t\t\t\t<div class=\"elementor-widget-container\">\n\t\t\t\t\t<div class=\"ekit-wid-con\" ><div class=\"ekit-heading elementskit-section-title-wraper text_center   ekit_heading_tablet-   ekit_heading_mobile-text_center\"><h2 class=\"ekit-heading--title elementskit-section-title text_fill translation-block\">Dream dive sites <span><span>just a fin kick away<\/span><\/span><\/h2><\/div><\/div>\t\t\t\t<\/div>\n\t\t\t\t<\/div>\n\t\t\t\t<div class=\"elementor-element elementor-element-e6d253d elementor-widget elementor-widget-text-editor\" data-id=\"e6d253d\" data-element_type=\"widget\" data-e-type=\"widget\" data-widget_type=\"text-editor.default\">\n\t\t\t\t<div class=\"elementor-widget-container\">\n\t\t\t\t\t\t\t\t\t<p>Koh Tao is packed with incredible dive sites, accessible to all levels.<\/p><p>Whether you're a beginner or an experienced diver, each spot promises a unique experience: drop-offs, pinnacles, wrecks or colorful reefs teeming with fish.<\/p><p><strong style=\"color: #e5007d;\">Click directly on the dive sites to discover their specific features <\/strong>: type of diving, depth, typical fauna...<\/p><p class=\"p2\">Spot your favorites and plan your next immersions with complete peace of mind.<\/p>\t\t\t\t\t\t\t\t<\/div>\n\t\t\t\t<\/div>\n\t\t\t\t\t<\/div>\n\t\t<\/div>\n\t\t\t\t\t<\/div>\n\t\t<\/section>\n\t\t\t\t<section data-particle_enable=\"false\" data-particle-mobile-disabled=\"false\" class=\"elementor-section elementor-inner-section elementor-element elementor-element-6a879a9 elementor-section-boxed elementor-section-height-default elementor-section-height-default\" data-id=\"6a879a9\" data-element_type=\"section\" data-e-type=\"section\">\n\t\t\t\t\t\t<div class=\"elementor-container elementor-column-gap-default\">\n\t\t\t\t\t<div class=\"elementor-column elementor-col-100 elementor-inner-column elementor-element elementor-element-1910a94\" data-id=\"1910a94\" data-element_type=\"column\" data-e-type=\"column\">\n\t\t\t<div class=\"elementor-widget-wrap elementor-element-populated\">\n\t\t\t\t\t\t<div class=\"elementor-element elementor-element-f76b0c5 elementor-widget elementor-widget-spacer\" data-id=\"f76b0c5\" data-element_type=\"widget\" data-e-type=\"widget\" data-widget_type=\"spacer.default\">\n\t\t\t\t<div class=\"elementor-widget-container\">\n\t\t\t\t\t\t\t<div class=\"elementor-spacer\">\n\t\t\t<div class=\"elementor-spacer-inner\"><\/div>\n\t\t<\/div>\n\t\t\t\t\t\t<\/div>\n\t\t\t\t<\/div>\n\t\t\t\t<div class=\"elementor-element elementor-element-c53f73e elementor-widget elementor-widget-ekit_wb_1146\" data-id=\"c53f73e\" data-element_type=\"widget\" data-e-type=\"widget\" data-widget_type=\"ekit_wb_1146.default\">\n\t\t\t\t<div class=\"elementor-widget-container\">\n\t\t\t\t\t<div class=\"wrap-map\">\n  <img src=\"\/wp-content\/uploads\/2025\/07\/Dive-Map-Koh-Tao.webp\" alt=\"Carte des sites de plong\u00e9e\" loading=\"eager\" decoding=\"async\" fetchpriority=\"high\" \/>\n\n  <div class=\"site chumphon\" style=\"top: 7.1%; left: 16.5%;\"><\/div>\n  <div class=\"site greenrock\" style=\"top: 19.7%; left: 24.2%;\"><\/div>\n  <div class=\"site redrock\" style=\"top: 17.6%; left: 34.6%;\"><\/div>\n  <div class=\"site mangobay\" style=\"top: 16%; left: 47.5%;\"><\/div>\n  <div class=\"site lighthouse\" style=\"top: 22.6%; left: 65.1%;\"><\/div>\n  <div class=\"site hinwong\" style=\"top: 31%; left: 68%;\"><\/div>\n  <div class=\"site laemthian\" style=\"top: 53.8%; left: 72.3%;\"><\/div>\n  <div class=\"site tanote\" style=\"top: 59.5%; left: 66.1%;\"><\/div>\n  <div class=\"site aowleuk\" style=\"top: 70.3%; left: 61.3%;\"><\/div>\n  <div class=\"site shark\" style=\"top: 78.5%; left: 62.2%;\"><\/div>\n  <div class=\"site sailrock\" style=\"top: 93%; left: 47.3%;\"><\/div>\n  <div class=\"site southwest\" style=\"top: 92.4%; left: 21.2%;\"><\/div>\n  <div class=\"site pottery\" style=\"top: 60.7%; left: 26%;\"><\/div>\n  <div class=\"site junkyard\" style=\"top: 52.2%; left: 33.4%;\"><\/div>\n  <div class=\"site sttakut\" style=\"top: 45.2%; left: 26%;\"><\/div>\n  <div class=\"site hinPeewee\" style=\"top: 40.3%; left: 27%;\"><\/div>\n  <div class=\"site whiterock\" style=\"top: 36%; left: 24.3%;\"><\/div>\n  <div class=\"site twins\" style=\"top: 29%; left: 26.3%;\"><\/div>\n  <div class=\"site japanese\" style=\"top: 23.5%; left: 35%;\"><\/div>\n  <div class=\"site pimpmydive\" style=\"top: 58%; left: 42.6%;\"><\/div>\n<\/div>\n\t\t\t\t\t\t<\/div>\n\t\t\t\t<\/div>\n\t\t\t\t\t<\/div>\n\t\t<\/div>\n\t\t\t\t\t<\/div>\n\t\t<\/section>\n\t\t\t\t\t<\/div>\n\t\t<\/div>\n\t\t\t\t\t<\/div>\n\t\t<\/section>\n\t\t\t\t<\/div>","protected":false},"excerpt":{"rendered":"<p>LES SITES Cliquez sur les diff\u00e9rents sites de plong\u00e9e pour d\u00e9couvrir leurs caract\u00e9ristiques, niveaux requis, profondeurs, faune marine et ambiance. [&hellip;]<\/p>\n","protected":false},"author":1,"featured_media":841,"parent":0,"menu_order":0,"comment_status":"closed","ping_status":"closed","template":"elementor_header_footer","meta":{"_acf_changed":false,"_seopress_robots_primary_cat":"","_seopress_titles_title":"","_seopress_titles_desc":"","_seopress_robots_index":"","inline_featured_image":false,"site-sidebar-layout":"default","site-content-layout":"","ast-site-content-layout":"default","site-content-style":"default","site-sidebar-style":"default","ast-global-header-display":"","ast-banner-title-visibility":"","ast-main-header-display":"","ast-hfb-above-header-display":"","ast-hfb-below-header-display":"","ast-hfb-mobile-header-display":"","site-post-title":"","ast-breadcrumbs-content":"","ast-featured-img":"","footer-sml-layout":"","ast-disable-related-posts":"","theme-transparent-header-meta":"","adv-header-id-meta":"","stick-header-meta":"","header-above-stick-meta":"","header-main-stick-meta":"","header-below-stick-meta":"","astra-migrate-meta-layouts":"default","ast-page-background-enabled":"default","ast-page-background-meta":{"desktop":{"background-color":"var(--ast-global-color-5)","background-image":"","background-repeat":"repeat","background-position":"center center","background-size":"auto","background-attachment":"scroll","background-type":"","background-media":"","overlay-type":"","overlay-color":"","overlay-opacity":"","overlay-gradient":""},"tablet":{"background-color":"","background-image":"","background-repeat":"repeat","background-position":"center center","background-size":"auto","background-attachment":"scroll","background-type":"","background-media":"","overlay-type":"","overlay-color":"","overlay-opacity":"","overlay-gradient":""},"mobile":{"background-color":"","background-image":"","background-repeat":"repeat","background-position":"center center","background-size":"auto","background-attachment":"scroll","background-type":"","background-media":"","overlay-type":"","overlay-color":"","overlay-opacity":"","overlay-gradient":""}},"ast-content-background-meta":{"desktop":{"background-color":"var(--ast-global-color-4)","background-image":"","background-repeat":"repeat","background-position":"center center","background-size":"auto","background-attachment":"scroll","background-type":"","background-media":"","overlay-type":"","overlay-color":"","overlay-opacity":"","overlay-gradient":""},"tablet":{"background-color":"var(--ast-global-color-4)","background-image":"","background-repeat":"repeat","background-position":"center center","background-size":"auto","background-attachment":"scroll","background-type":"","background-media":"","overlay-type":"","overlay-color":"","overlay-opacity":"","overlay-gradient":""},"mobile":{"background-color":"var(--ast-global-color-4)","background-image":"","background-repeat":"repeat","background-position":"center center","background-size":"auto","background-attachment":"scroll","background-type":"","background-media":"","overlay-type":"","overlay-color":"","overlay-opacity":"","overlay-gradient":""}},"footnotes":""},"class_list":["post-839","page","type-page","status-publish","has-post-thumbnail","hentry"],"acf":[],"_links":{"self":[{"href":"https:\/\/pimpmydive.net\/en\/wp-json\/wp\/v2\/pages\/839","targetHints":{"allow":["GET"]}}],"collection":[{"href":"https:\/\/pimpmydive.net\/en\/wp-json\/wp\/v2\/pages"}],"about":[{"href":"https:\/\/pimpmydive.net\/en\/wp-json\/wp\/v2\/types\/page"}],"author":[{"embeddable":true,"href":"https:\/\/pimpmydive.net\/en\/wp-json\/wp\/v2\/users\/1"}],"replies":[{"embeddable":true,"href":"https:\/\/pimpmydive.net\/en\/wp-json\/wp\/v2\/comments?post=839"}],"version-history":[{"count":0,"href":"https:\/\/pimpmydive.net\/en\/wp-json\/wp\/v2\/pages\/839\/revisions"}],"wp:featuredmedia":[{"embeddable":true,"href":"https:\/\/pimpmydive.net\/en\/wp-json\/wp\/v2\/media\/841"}],"wp:attachment":[{"href":"https:\/\/pimpmydive.net\/en\/wp-json\/wp\/v2\/media?parent=839"}],"curies":[{"name":"wp","href":"https:\/\/api.w.org\/{rel}","templated":true}]}}